{"id":158,"date":"2016-07-06T13:21:30","date_gmt":"2016-07-06T13:21:30","guid":{"rendered":"http:\/\/bridge53.qodeinteractive.com\/?page_id=158"},"modified":"2021-02-08T11:15:43","modified_gmt":"2021-02-08T10:15:43","slug":"usluge","status":"publish","type":"page","link":"https:\/\/safedoc.digital\/index.php\/usluge\/","title":{"rendered":"Usluge"},"content":{"rendered":"<p>[vc_row css_animation=&#8221;&#8221; row_type=&#8221;row&#8221; use_row_as_full_screen_section=&#8221;no&#8221; type=&#8221;grid&#8221; angled_section=&#8221;no&#8221; text_align=&#8221;left&#8221; background_image_as_pattern=&#8221;without_pattern&#8221;][vc_column][vc_empty_space][vc_column_text]<\/p>\n<h1>Na\u0161e usluge<\/h1>\n<p>[\/vc_column_text][vc_column_text]Na\u0161im klijentima nudimo kompletnu uslugu konsaltinga, implementacije i analize poslovnih procesa i poslova u vezi sa problematikom arhiviranja. Na\u0161a re\u0161enja obuhvataju kombinaciju izra\u0111enih softverskih re\u0161enja i najsavremenijeg hardvera neophodnog za izvr\u0161enje ugovorenog posla.[\/vc_column_text][vc_empty_space][\/vc_column][\/vc_row][vc_row css_animation=&#8221;&#8221; row_type=&#8221;row&#8221; use_row_as_full_screen_section=&#8221;no&#8221; type=&#8221;grid&#8221; angled_section=&#8221;no&#8221; text_align=&#8221;left&#8221; background_image_as_pattern=&#8221;without_pattern&#8221; css=&#8221;.vc_custom_1467813516910{padding-top: 125px !important;}&#8221;][vc_column offset=&#8221;vc_col-lg-4 vc_col-md-4&#8243;]<div class='q_icon_with_title tiny circle'><div class=\"icon_holder \" style=\" \"><span data-icon-type=\"circle\" data-icon-hover-color=\"#ffffff\" data-icon-hover-bg-color=\"#f06523\" class=\"qode_iwt_icon_holder fa-stack fa-lg \" style=\"font-size: 23px;border-color: #475b6c;background-color: #475b6c;\"><span aria-hidden=\"true\" class=\"qode_icon_font_elegant icon_drawer qode_iwt_icon_element\" style=\"font-size: 20px;color: #ffffff;\" ><\/span><\/span><\/div><div class=\"icon_text_holder\" style=\"padding-left:70px;\"><div class=\"icon_text_inner\" style=\"\"><h4 class=\"icon_title\" style=\"\">Fizi\u010dko sre\u0111ivanje arhive<\/h4><p style='color: #5e5e5e'>Sre\u0111ivanje dokumentacije, pomo\u0107 pri izradi arhivske knjige i Liste kategorija<\/p><\/div><\/div><\/div>[vc_empty_space height=&#8221;27px&#8221;][\/vc_column][vc_column offset=&#8221;vc_col-lg-4 vc_col-md-4&#8243;]<div class='q_icon_with_title tiny circle'><div class=\"icon_holder \" style=\" \"><span data-icon-type=\"circle\" data-icon-hover-color=\"#ffffff\" data-icon-hover-bg-color=\"#f06523\" class=\"qode_iwt_icon_holder fa-stack fa-lg \" style=\"font-size: 23px;border-color: #475b6c;background-color: #475b6c;\"><span aria-hidden=\"true\" class=\"qode_icon_font_elegant icon_cloud-upload qode_iwt_icon_element\" style=\"font-size: 20px;color: #ffffff;\" ><\/span><\/span><\/div><div class=\"icon_text_holder\" style=\"padding-left:70px;\"><div class=\"icon_text_inner\" style=\"\"><h4 class=\"icon_title\" style=\"\">Safedoc Cloud<\/h4><p style='color: #5e5e5e'>Iznajmite prostor za skladi\u0161tenje va\u0161ih dokumenata na na\u0161im serverima<\/p><a itemprop='url' class='icon_with_title_link' href='http:\/\/safedoc.digital\/nextcloud\/index.php\/login' target='_self' style='color: #f06523;'>Link za logovanje<\/a><\/div><\/div><\/div>[vc_empty_space height=&#8221;27px&#8221;][\/vc_column][vc_column offset=&#8221;vc_col-lg-4 vc_col-md-4&#8243;]<div class='q_icon_with_title tiny circle'><div class=\"icon_holder \" style=\" \"><span data-icon-type=\"circle\" data-icon-hover-color=\"#ffffff\" data-icon-hover-bg-color=\"#f06523\" class=\"qode_iwt_icon_holder fa-stack fa-lg \" style=\"font-size: 23px;border-color: #475b6c;background-color: #475b6c;\"><span aria-hidden=\"true\" class=\"qode_icon_font_elegant icon_film qode_iwt_icon_element\" style=\"font-size: 20px;color: #ffffff;\" ><\/span><\/span><\/div><div class=\"icon_text_holder\" style=\"padding-left:70px;\"><div class=\"icon_text_inner\" style=\"\"><h4 class=\"icon_title\" style=\"\">Uslu\u017eno mikrofilmovanje dokumenata<\/h4><p style='color: #5e5e5e'>Snimanje dokumenata na mikrofilm, bilo u digitalnoj formi archive writerom ili papirnoj formi, mikrofilmskim kamerama, na medije 16mm ili 35mm.<\/p><\/div><\/div><\/div>[vc_empty_space height=&#8221;27px&#8221;][\/vc_column][\/vc_row][vc_row css_animation=&#8221;&#8221; row_type=&#8221;row&#8221; use_row_as_full_screen_section=&#8221;no&#8221; type=&#8221;grid&#8221; angled_section=&#8221;no&#8221; text_align=&#8221;left&#8221; background_image_as_pattern=&#8221;without_pattern&#8221;][vc_column offset=&#8221;vc_col-lg-4 vc_col-md-4&#8243;]<div class='q_icon_with_title tiny circle'><div class=\"icon_holder \" style=\" \"><span data-icon-type=\"circle\" data-icon-hover-color=\"#ffffff\" data-icon-hover-bg-color=\"#f06523\" class=\"qode_iwt_icon_holder fa-stack fa-lg \" style=\"font-size: 23px;border-color: #475b6c;background-color: #475b6c;\"><span aria-hidden=\"true\" class=\"qode_icon_font_elegant icon_drive qode_iwt_icon_element\" style=\"font-size: 20px;color: #ffffff;\" ><\/span><\/span><\/div><div class=\"icon_text_holder\" style=\"padding-left:70px;\"><div class=\"icon_text_inner\" style=\"\"><h4 class=\"icon_title\" style=\"\">Uslu\u017ena digitalizacija dokumenata<\/h4><p style='color: #5e5e5e'>Digitalizacija dokumentacije profesionalnim proto\u010dnim skenerima i snimanje na odgovaraju\u0107e medije.<\/p><\/div><\/div><\/div>[vc_empty_space height=&#8221;27px&#8221;][\/vc_column][vc_column offset=&#8221;vc_col-lg-4 vc_col-md-4&#8243;]<div class='q_icon_with_title tiny circle'><div class=\"icon_holder \" style=\" \"><span data-icon-type=\"circle\" data-icon-hover-color=\"#ffffff\" data-icon-hover-bg-color=\"#f06523\" class=\"qode_iwt_icon_holder fa-stack fa-lg \" style=\"font-size: 23px;border-color: #475b6c;background-color: #475b6c;\"><span aria-hidden=\"true\" class=\"qode_icon_font_elegant icon_folder-alt qode_iwt_icon_element\" style=\"font-size: 20px;color: #ffffff;\" ><\/span><\/span><\/div><div class=\"icon_text_holder\" style=\"padding-left:70px;\"><div class=\"icon_text_inner\" style=\"\"><h4 class=\"icon_title\" style=\"\">Uslu\u017eno atribuiranje Va\u0161ih dokumenata u elektronskoj formi<\/h4><p style='color: #5e5e5e'>Pridru\u017eivanje odre\u0111enog seta metapodataka svakom skeniranom dokumentu kako bi bio pretra\u017eiv.<\/p><\/div><\/div><\/div>[vc_empty_space height=&#8221;27px&#8221;][\/vc_column][vc_column offset=&#8221;vc_col-lg-4 vc_col-md-4&#8243;]<div class='q_icon_with_title tiny circle'><div class=\"icon_holder \" style=\" \"><span data-icon-type=\"circle\" data-icon-hover-color=\"#ffffff\" data-icon-hover-bg-color=\"#f06523\" class=\"qode_iwt_icon_holder fa-stack fa-lg \" style=\"font-size: 23px;border-color: #475b6c;background-color: #475b6c;\"><span aria-hidden=\"true\" class=\"qode_icon_font_elegant icon_archive qode_iwt_icon_element\" style=\"font-size: 20px;color: #ffffff;\" ><\/span><\/span><\/div><div class=\"icon_text_holder\" style=\"padding-left:70px;\"><div class=\"icon_text_inner\" style=\"\"><h4 class=\"icon_title\" style=\"\">Fizi\u010dko skladi\u0161tenje<\/h4><p style='color: #5e5e5e'>Ukoliko ipak \u017eelite da \u010duvate arhivu u papirnom obliku, na raspolaganju je savremeno skladi\u0161te sa svim merama obezbe\u0111enja od elementarnih nepogoda i kra\u0111e.<\/p><\/div><\/div><\/div>[vc_empty_space height=&#8221;27px&#8221;][\/vc_column][\/vc_row][vc_row css_animation=&#8221;&#8221; row_type=&#8221;row&#8221; use_row_as_full_screen_section=&#8221;no&#8221; type=&#8221;grid&#8221; angled_section=&#8221;no&#8221; text_align=&#8221;left&#8221; background_image_as_pattern=&#8221;without_pattern&#8221; css=&#8221;.vc_custom_1518600645446{padding-top: 115px !important;padding-bottom: 125px !important;background-color: #eceef0 !important;}&#8221;][vc_column][qode_elements_holder background_color=&#8221;#eceef0&#8243; number_of_columns=&#8221;two_columns&#8221;][qode_elements_holder_item item_padding=&#8221;0 7% 0 0&#8243; vertical_alignment=&#8221;middle&#8221; advanced_animations=&#8221;no&#8221; item_padding_600_768=&#8221;0 0 68px 0&#8243; item_padding_480_600=&#8221;0 0 68px 0&#8243; item_padding_480=&#8221;0 0 68px 0&#8243;][vc_column_text]<\/p>\n<h2>Ko smo mi?<\/h2>\n<p>[\/vc_column_text][vc_empty_space height=&#8221;27px&#8221;][vc_column_text]Pro\u010ditajte vi\u0161e o nama kao i gde su implementirana na\u0161a re\u0161enja.[\/vc_column_text][vc_empty_space height=&#8221;36px&#8221;]<a  itemprop=\"url\" href=\"https:\/\/safedoc.digital\/index.php\/reference\/\" target=\"_self\"  class=\"qbutton  default\" style=\"\">Saznajte vi\u0161e<\/a>[\/qode_elements_holder_item][qode_elements_holder_item item_padding=&#8221;10px 0 0 0&#8243; advanced_animations=&#8221;no&#8221; item_padding_600_768=&#8221;0 0 0 0&#8243; item_padding_480_600=&#8221;0 0 0 0&#8243; item_padding_480=&#8221;0 0 0 0&#8243;][vc_single_image image=&#8221;182&#8243; img_size=&#8221;full&#8221; alignment=&#8221;right&#8221; qode_css_animation=&#8221;&#8221;][\/qode_elements_holder_item][\/qode_elements_holder][\/vc_column][\/vc_row][vc_row css_animation=&#8221;&#8221; row_type=&#8221;row&#8221; use_row_as_full_screen_section=&#8221;no&#8221; type=&#8221;grid&#8221; angled_section=&#8221;no&#8221; text_align=&#8221;center&#8221; background_image_as_pattern=&#8221;without_pattern&#8221; css=&#8221;.vc_custom_1467815093654{padding-top: 126px !important;padding-bottom: 95px !important;}&#8221;][vc_column offset=&#8221;vc_col-lg-4 vc_col-md-4&#8243;]<div class=\"q_counter_holder  center\" style=\"\"><span class=\"counter  zero\" style=\"font-size: 80px;font-weight: 600;\">2011<\/span><\/div>[vc_empty_space height=&#8221;7px&#8221;][vc_column_text]<\/p>\n<h3>Safedoc dru\u0161tvo osnovano je 2011. godine<\/h3>\n<p>[\/vc_column_text][vc_empty_space height=&#8221;38px&#8221;][\/vc_column][vc_column offset=&#8221;vc_col-lg-4 vc_col-md-4&#8243;]<div class=\"q_counter_holder  center\" style=\"\"><span class=\"counter  zero\" style=\"font-size: 80px;font-weight: 600;\">5000000<\/span><\/div>[vc_empty_space height=&#8221;7px&#8221;][vc_column_text]<\/p>\n<h3>Vi\u0161e od 5.000.000 skeniranih dokumenata<\/h3>\n<p>[\/vc_column_text][vc_empty_space height=&#8221;38px&#8221;][\/vc_column][vc_column offset=&#8221;vc_col-lg-4 vc_col-md-4&#8243;]<div class=\"q_counter_holder  center\" style=\"\"><span class=\"counter  zero\" style=\"font-size: 80px;font-weight: 600;\">25<\/span><\/div>[vc_empty_space height=&#8221;7px&#8221;][vc_column_text]<\/p>\n<h3>25 stalno zaposlenih, na raspolaganju za brzu i uspe\u0161nu realizaciju svih projekata<\/h3>\n<p>[\/vc_column_text][vc_empty_space height=&#8221;38px&#8221;][\/vc_column][\/vc_row]<\/p>\n","protected":false},"excerpt":{"rendered":"<p>[vc_row css_animation=&#8221;&#8221; row_type=&#8221;row&#8221; use_row_as_full_screen_section=&#8221;no&#8221; type=&#8221;grid&#8221; angled_section=&#8221;no&#8221; text_align=&#8221;left&#8221; background_image_as_pattern=&#8221;without_pattern&#8221;][vc_column][vc_empty_space][vc_column_text] Na\u0161e usluge [\/vc_column_text][vc_column_text]Na\u0161im klijentima nudimo kompletnu uslugu konsaltinga, implementacije i analize poslovnih procesa i poslova u vezi sa problematikom arhiviranja. Na\u0161a re\u0161enja obuhvataju kombinaciju izra\u0111enih softverskih re\u0161enja i najsavremenijeg hardvera neophodnog za izvr\u0161enje ugovorenog posla.[\/vc_column_text][vc_empty_space][\/vc_column][\/vc_row][vc_row css_animation=&#8221;&#8221; row_type=&#8221;row&#8221;&#8230;<\/p>\n","protected":false},"author":2,"featured_media":0,"parent":0,"menu_order":0,"comment_status":"closed","ping_status":"closed","template":"full_width.php","meta":{"om_disable_all_campaigns":false,"_monsterinsights_skip_tracking":false,"_monsterinsights_sitenote_active":false,"_monsterinsights_sitenote_note":"","_monsterinsights_sitenote_category":0,"_uf_show_specific_survey":0,"_uf_disable_surveys":false,"footnotes":""},"class_list":["post-158","page","type-page","status-publish","hentry"],"aioseo_notices":[],"_links":{"self":[{"href":"https:\/\/safedoc.digital\/index.php\/wp-json\/wp\/v2\/pages\/158","targetHints":{"allow":["GET"]}}],"collection":[{"href":"https:\/\/safedoc.digital\/index.php\/wp-json\/wp\/v2\/pages"}],"about":[{"href":"https:\/\/safedoc.digital\/index.php\/wp-json\/wp\/v2\/types\/page"}],"author":[{"embeddable":true,"href":"https:\/\/safedoc.digital\/index.php\/wp-json\/wp\/v2\/users\/2"}],"replies":[{"embeddable":true,"href":"https:\/\/safedoc.digital\/index.php\/wp-json\/wp\/v2\/comments?post=158"}],"version-history":[{"count":13,"href":"https:\/\/safedoc.digital\/index.php\/wp-json\/wp\/v2\/pages\/158\/revisions"}],"predecessor-version":[{"id":654,"href":"https:\/\/safedoc.digital\/index.php\/wp-json\/wp\/v2\/pages\/158\/revisions\/654"}],"wp:attachment":[{"href":"https:\/\/safedoc.digital\/index.php\/wp-json\/wp\/v2\/media?parent=158"}],"curies":[{"name":"wp","href":"https:\/\/api.w.org\/{rel}","templated":true}]}}