{"id":225,"date":"2016-07-08T09:36:00","date_gmt":"2016-07-08T09:36:00","guid":{"rendered":"http:\/\/bridge53.qodeinteractive.com\/?page_id=225"},"modified":"2018-02-23T16:42:09","modified_gmt":"2018-02-23T15:42:09","slug":"reference","status":"publish","type":"page","link":"https:\/\/safedoc.digital\/index.php\/reference\/","title":{"rendered":"Reference"},"content":{"rendered":"<p>[vc_row css_animation=&#8221;&#8221; row_type=&#8221;row&#8221; use_row_as_full_screen_section=&#8221;no&#8221; type=&#8221;grid&#8221; angled_section=&#8221;no&#8221; text_align=&#8221;left&#8221; background_image_as_pattern=&#8221;without_pattern&#8221;][vc_column][vc_empty_space][vc_column_text]<\/p>\n<h1>Reference<\/h1>\n<p>[\/vc_column_text][vc_column_text]U na\u0161em portfoliju nalazi se zaista veliki broj kompanija sa \u010dijom smo saradnjom izuzetno ponosni. Najzna\u010dajnije kompanije kako iz dr\u017eavnog tako i privatnog sektora u Srbiji i okru\u017eenju, ukazali su poverenje nama i na\u0161em arhiv sistemu.[\/vc_column_text][\/vc_column][\/vc_row][vc_row css_animation=&#8221;&#8221; row_type=&#8221;row&#8221; use_row_as_full_screen_section=&#8221;no&#8221; type=&#8221;grid&#8221; angled_section=&#8221;no&#8221; text_align=&#8221;left&#8221; background_image_as_pattern=&#8221;without_pattern&#8221; css=&#8221;.vc_custom_1467972551798{padding-top: 107px !important;}&#8221;][vc_column width=&#8221;1\/2&#8243; offset=&#8221;vc_col-lg-3 vc_col-md-3&#8243;]<div class='image_hover ' style='' data-transition-delay=''><div class='images_holder'><img itemprop='image' class='active_image ' src='https:\/\/safedoc.digital\/wp-content\/uploads\/2017\/11\/safedoc_beograd_off.png' alt='' style='' \/><img itemprop='image' class='hover_image' src='https:\/\/safedoc.digital\/wp-content\/uploads\/2017\/11\/safedoc_beograd-01.png' alt='' style='' \/><\/div><\/div>[vc_column_text css=&#8221;.vc_custom_1518614107978{margin: -40px !important;}&#8221;]<\/p>\n<p style=\"text-align: center;\">Sekretarijat grada Beograda<\/p>\n<p>[\/vc_column_text][vc_empty_space][\/vc_column][vc_column width=&#8221;1\/2&#8243; offset=&#8221;vc_col-lg-3 vc_col-md-3&#8243;]<div class='image_hover ' style='' data-transition-delay=''><div class='images_holder'><img itemprop='image' class='active_image ' src='https:\/\/safedoc.digital\/wp-content\/uploads\/2017\/11\/safedoc_vlada_off.png' alt='' style='' \/><img itemprop='image' class='hover_image' src='https:\/\/safedoc.digital\/wp-content\/uploads\/2017\/11\/safedoc_vlada.png' alt='' style='' \/><\/div><\/div>[vc_column_text css=&#8221;.vc_custom_1518614148295{margin: -40px !important;}&#8221;]<\/p>\n<p style=\"text-align: center;\">Vlada Republike Srbije<\/p>\n<p>[\/vc_column_text][vc_empty_space][\/vc_column][vc_column width=&#8221;1\/2&#8243; offset=&#8221;vc_col-lg-3 vc_col-md-3&#8243;]<div class='image_hover ' style='' data-transition-delay=''><div class='images_holder'><img itemprop='image' class='active_image ' src='https:\/\/safedoc.digital\/wp-content\/uploads\/2017\/11\/safedoc_spc_off.png' alt='' style='' \/><img itemprop='image' class='hover_image' src='https:\/\/safedoc.digital\/wp-content\/uploads\/2017\/11\/safedoc_spc.png' alt='' style='' \/><\/div><\/div>[vc_column_text css=&#8221;.vc_custom_1518614156335{margin: -40px !important;}&#8221;]<\/p>\n<p style=\"text-align: center;\">Arhiv srpske pravoslavne Crkve<\/p>\n<p>[\/vc_column_text][vc_empty_space][\/vc_column][vc_column width=&#8221;1\/2&#8243; offset=&#8221;vc_col-lg-3 vc_col-md-3&#8243;]<div class='image_hover ' style='' data-transition-delay=''><div class='images_holder'><img itemprop='image' class='active_image ' src='https:\/\/safedoc.digital\/wp-content\/uploads\/2017\/11\/safedoc_skupstina_off.png' alt='' style='' \/><img itemprop='image' class='hover_image' src='https:\/\/safedoc.digital\/wp-content\/uploads\/2017\/11\/safedoc_skupstina-01.png' alt='' style='' \/><\/div><\/div>[vc_column_text css=&#8221;.vc_custom_1518614164429{margin: -40px !important;}&#8221;]<\/p>\n<p style=\"text-align: center;\">Narodna skup\u0161tina Republike Srbije<\/p>\n<p>[\/vc_column_text][vc_empty_space][\/vc_column][\/vc_row][vc_row css_animation=&#8221;&#8221; row_type=&#8221;row&#8221; use_row_as_full_screen_section=&#8221;no&#8221; type=&#8221;grid&#8221; angled_section=&#8221;no&#8221; text_align=&#8221;left&#8221; background_image_as_pattern=&#8221;without_pattern&#8221; css=&#8221;.vc_custom_1467972776749{padding-bottom: 46px !important;}&#8221;][vc_column width=&#8221;1\/2&#8243; offset=&#8221;vc_col-lg-3 vc_col-md-3&#8243;]<div class='image_hover ' style='' data-transition-delay=''><div class='images_holder'><img itemprop='image' class='active_image ' src='https:\/\/safedoc.digital\/wp-content\/uploads\/2017\/11\/safedoc_arhiv_off.png' alt='' style='' \/><img itemprop='image' class='hover_image' src='https:\/\/safedoc.digital\/wp-content\/uploads\/2017\/11\/safedoc_arhiv.png' alt='' style='' \/><\/div><\/div>[vc_column_text css=&#8221;.vc_custom_1518614221421{margin-top: -40px !important;margin-right: -40px !important;margin-bottom: -40px !important;margin-left: -40px !important;}&#8221;]<\/p>\n<p style=\"text-align: center;\">Istorijski Arhiv Beograda<\/p>\n<p>[\/vc_column_text][vc_empty_space][\/vc_column][vc_column width=&#8221;1\/2&#8243; offset=&#8221;vc_col-lg-3 vc_col-md-3&#8243;]<div class='image_hover ' style='' data-transition-delay=''><div class='images_holder'><img itemprop='image' class='active_image ' src='https:\/\/safedoc.digital\/wp-content\/uploads\/2017\/11\/safedoc_eps_off.png' alt='' style='' \/><img itemprop='image' class='hover_image' src='https:\/\/safedoc.digital\/wp-content\/uploads\/2017\/11\/safedoc_eps.png' alt='' style='' \/><\/div><\/div>[vc_column_text css=&#8221;.vc_custom_1518614282184{margin-top: -40px !important;margin-right: -40px !important;margin-bottom: -40px !important;margin-left: -40px !important;}&#8221;]<\/p>\n<p style=\"text-align: center;\">JP Elektroprivreda Srbije<\/p>\n<p>[\/vc_column_text][vc_empty_space][\/vc_column][vc_column width=&#8221;1\/2&#8243; offset=&#8221;vc_col-lg-3 vc_col-md-3&#8243;]<div class='image_hover ' style='' data-transition-delay=''><div class='images_holder'><img itemprop='image' class='active_image ' src='https:\/\/safedoc.digital\/wp-content\/uploads\/2017\/11\/safedoc_grci_off.png' alt='' style='' \/><img itemprop='image' class='hover_image' src='https:\/\/safedoc.digital\/wp-content\/uploads\/2017\/11\/safedoc_grci.png' alt='' style='' \/><\/div><\/div>[vc_column_text css=&#8221;.vc_custom_1518614305007{margin-top: -40px !important;margin-right: -40px !important;margin-bottom: -40px !important;margin-left: -40px !important;}&#8221;]<\/p>\n<p style=\"text-align: center;\">JKP Gradska \u010disto\u0107a, Beograd<\/p>\n<p>[\/vc_column_text][vc_empty_space][\/vc_column][vc_column width=&#8221;1\/2&#8243; offset=&#8221;vc_col-lg-3 vc_col-md-3&#8243;]<div class='image_hover ' style='' data-transition-delay=''><div class='images_holder'><img itemprop='image' class='active_image ' src='https:\/\/safedoc.digital\/wp-content\/uploads\/2017\/11\/safedoc_zel_off.png' alt='' style='' \/><img itemprop='image' class='hover_image' src='https:\/\/safedoc.digital\/wp-content\/uploads\/2017\/11\/safedoc_zel.png' alt='' style='' \/><\/div><\/div>[vc_column_text css=&#8221;.vc_custom_1518614327667{margin-top: -40px !important;margin-right: -40px !important;margin-bottom: -40px !important;margin-left: -40px !important;}&#8221;]<\/p>\n<p style=\"text-align: center;\">JKP Gradsko zelenilo, Beograd<\/p>\n<p>[\/vc_column_text][vc_empty_space][\/vc_column][\/vc_row][vc_row css_animation=&#8221;&#8221; row_type=&#8221;row&#8221; use_row_as_full_screen_section=&#8221;no&#8221; type=&#8221;grid&#8221; angled_section=&#8221;no&#8221; text_align=&#8221;left&#8221; background_image_as_pattern=&#8221;without_pattern&#8221; css=&#8221;.vc_custom_1467972776749{padding-bottom: 46px !important;}&#8221;][vc_column width=&#8221;1\/2&#8243; offset=&#8221;vc_col-lg-3 vc_col-md-3&#8243;]<div class='image_hover ' style='' data-transition-delay=''><div class='images_holder'><img itemprop='image' class='active_image ' src='https:\/\/safedoc.digital\/wp-content\/uploads\/2017\/11\/safedoc_omv_off.png' alt='' style='' \/><img itemprop='image' class='hover_image' src='https:\/\/safedoc.digital\/wp-content\/uploads\/2017\/11\/safedoc_omv.png' alt='' style='' \/><\/div><\/div>[vc_column_text css=&#8221;.vc_custom_1518621442615{margin-top: -40px !important;margin-right: -40px !important;margin-bottom: -40px !important;margin-left: -40px !important;}&#8221;]<\/p>\n<p style=\"text-align: center;\">OMV Srbija<\/p>\n<p>[\/vc_column_text][vc_empty_space][\/vc_column][vc_column width=&#8221;1\/2&#8243; offset=&#8221;vc_col-lg-3 vc_col-md-3&#8243;]<div class='image_hover ' style='' data-transition-delay=''><div class='images_holder'><img itemprop='image' class='active_image ' src='https:\/\/safedoc.digital\/wp-content\/uploads\/2017\/11\/safedoc_ras_off.png' alt='' style='' \/><img itemprop='image' class='hover_image' src='https:\/\/safedoc.digital\/wp-content\/uploads\/2017\/11\/safedoc_ras.png' alt='' style='' \/><\/div><\/div>[vc_column_text css=&#8221;.vc_custom_1518621497422{margin-top: -40px !important;margin-right: -40px !important;margin-bottom: -40px !important;margin-left: -40px !important;}&#8221;]<\/p>\n<p style=\"text-align: center;\">RAS &#8211; Razvojna agencija Srbije<\/p>\n<p>[\/vc_column_text][vc_empty_space][\/vc_column][vc_column width=&#8221;1\/2&#8243; offset=&#8221;vc_col-lg-3 vc_col-md-3&#8243;]<div class='image_hover ' style='' data-transition-delay=''><div class='images_holder'><img itemprop='image' class='active_image ' src='https:\/\/safedoc.digital\/wp-content\/uploads\/2016\/07\/safedoc_aerodrom_off.png' alt='' style='' \/><img itemprop='image' class='hover_image' src='https:\/\/safedoc.digital\/wp-content\/uploads\/2016\/07\/safedoc_aerodrom_on.png' alt='' style='' \/><\/div><\/div>[vc_column_text css=&#8221;.vc_custom_1518621562102{margin-top: -40px !important;margin-right: -40px !important;margin-bottom: -40px !important;margin-left: -40px !important;}&#8221;]<\/p>\n<p style=\"text-align: center;\">Aerodrom Nikola Tesla<\/p>\n<p>[\/vc_column_text][vc_empty_space][\/vc_column][vc_column width=&#8221;1\/2&#8243; offset=&#8221;vc_col-lg-3 vc_col-md-3&#8243;]<div class='image_hover ' style='' data-transition-delay=''><div class='images_holder'><img itemprop='image' class='active_image ' src='https:\/\/safedoc.digital\/wp-content\/uploads\/2016\/07\/safedoc_prointer_off.png' alt='' style='' \/><img itemprop='image' class='hover_image' src='https:\/\/safedoc.digital\/wp-content\/uploads\/2016\/07\/safedoc_prointer_on.png' alt='' style='' \/><\/div><\/div>[vc_column_text css=&#8221;.vc_custom_1518621946283{margin-top: -40px !important;margin-right: -40px !important;margin-bottom: -40px !important;margin-left: -40px !important;}&#8221;]<\/p>\n<p style=\"text-align: center;\">Prointer ITSS<\/p>\n<p>[\/vc_column_text][vc_empty_space][\/vc_column][\/vc_row][vc_row css_animation=&#8221;&#8221; row_type=&#8221;row&#8221; use_row_as_full_screen_section=&#8221;no&#8221; type=&#8221;grid&#8221; angled_section=&#8221;no&#8221; text_align=&#8221;center&#8221; background_image_as_pattern=&#8221;without_pattern&#8221; css=&#8221;.vc_custom_1467972721882{padding-bottom: 83px !important;}&#8221;][vc_column][vc_empty_space]<a  itemprop=\"url\" href=\"https:\/\/safedoc.digital\/index.php\/kontakt\/\" target=\"_self\"  class=\"qbutton  medium default\" style=\"\">Postanite na\u0161 klijent<\/a>[\/vc_column][\/vc_row]<\/p>\n","protected":false},"excerpt":{"rendered":"<p>[vc_row css_animation=&#8221;&#8221; row_type=&#8221;row&#8221; use_row_as_full_screen_section=&#8221;no&#8221; type=&#8221;grid&#8221; angled_section=&#8221;no&#8221; text_align=&#8221;left&#8221; background_image_as_pattern=&#8221;without_pattern&#8221;][vc_column][vc_empty_space][vc_column_text] Reference [\/vc_column_text][vc_column_text]U na\u0161em portfoliju nalazi se zaista veliki broj kompanija sa \u010dijom smo saradnjom izuzetno ponosni. Najzna\u010dajnije kompanije kako iz dr\u017eavnog tako i privatnog sektora u Srbiji i okru\u017eenju, ukazali su poverenje nama i na\u0161em arhiv sistemu.[\/vc_column_text][\/vc_column][\/vc_row][vc_row&#8230;<\/p>\n","protected":false},"author":2,"featured_media":0,"parent":0,"menu_order":0,"comment_status":"closed","ping_status":"closed","template":"full_width.php","meta":{"om_disable_all_campaigns":false,"_monsterinsights_skip_tracking":false,"_monsterinsights_sitenote_active":false,"_monsterinsights_sitenote_note":"","_monsterinsights_sitenote_category":0,"_uf_show_specific_survey":0,"_uf_disable_surveys":false,"footnotes":""},"class_list":["post-225","page","type-page","status-publish","hentry"],"aioseo_notices":[],"_links":{"self":[{"href":"https:\/\/safedoc.digital\/index.php\/wp-json\/wp\/v2\/pages\/225","targetHints":{"allow":["GET"]}}],"collection":[{"href":"https:\/\/safedoc.digital\/index.php\/wp-json\/wp\/v2\/pages"}],"about":[{"href":"https:\/\/safedoc.digital\/index.php\/wp-json\/wp\/v2\/types\/page"}],"author":[{"embeddable":true,"href":"https:\/\/safedoc.digital\/index.php\/wp-json\/wp\/v2\/users\/2"}],"replies":[{"embeddable":true,"href":"https:\/\/safedoc.digital\/index.php\/wp-json\/wp\/v2\/comments?post=225"}],"version-history":[{"count":18,"href":"https:\/\/safedoc.digital\/index.php\/wp-json\/wp\/v2\/pages\/225\/revisions"}],"predecessor-version":[{"id":562,"href":"https:\/\/safedoc.digital\/index.php\/wp-json\/wp\/v2\/pages\/225\/revisions\/562"}],"wp:attachment":[{"href":"https:\/\/safedoc.digital\/index.php\/wp-json\/wp\/v2\/media?parent=225"}],"curies":[{"name":"wp","href":"https:\/\/api.w.org\/{rel}","templated":true}]}}