{"id":449,"date":"2018-02-17T17:52:00","date_gmt":"2018-02-17T17:52:00","guid":{"rendered":"https:\/\/safedoc.digital\/?page_id=449"},"modified":"2018-02-23T08:51:38","modified_gmt":"2018-02-23T08:51:38","slug":"scribe","status":"publish","type":"page","link":"https:\/\/safedoc.digital\/index.php\/scribe\/","title":{"rendered":"Scribe"},"content":{"rendered":"<p>[vc_row css_animation=&#8221;&#8221; row_type=&#8221;row&#8221; use_row_as_full_screen_section=&#8221;no&#8221; type=&#8221;full_width&#8221; angled_section=&#8221;no&#8221; text_align=&#8221;left&#8221; background_image_as_pattern=&#8221;without_pattern&#8221;][vc_column width=&#8221;1\/2&#8243;][vc_column_text]<\/p>\n<h1>Safedoc Scribe<\/h1>\n<p>[\/vc_column_text][vc_empty_space][vc_column_text]Safedoc Scribe &#8211;\u00a0softver za elektronsko zavo\u0111enje i distribuciju dokumenata sa mogu\u0107no\u0161\u0107u povezivanja sa elektronskom arhivom i Safedoc Archeion-om. Na\u0161a softverska re\u0161enja su prilagodiva Va\u0161im potrebama i lako se integri\u0161u sa ve\u0107 postoje\u0107im re\u0161enjima u Va\u0161em informacionom sistemu.[\/vc_column_text][\/vc_column][vc_column width=&#8221;1\/2&#8243;][\/vc_column][\/vc_row][vc_row css_animation=&#8221;&#8221; row_type=&#8221;row&#8221; use_row_as_full_screen_section=&#8221;no&#8221; type=&#8221;full_width&#8221; angled_section=&#8221;no&#8221; text_align=&#8221;left&#8221; background_image_as_pattern=&#8221;without_pattern&#8221;][vc_column][vc_empty_space][vc_empty_space][\/vc_column][\/vc_row]<\/p>\n","protected":false},"excerpt":{"rendered":"<p>[vc_row css_animation=&#8221;&#8221; row_type=&#8221;row&#8221; use_row_as_full_screen_section=&#8221;no&#8221; type=&#8221;full_width&#8221; angled_section=&#8221;no&#8221; text_align=&#8221;left&#8221; background_image_as_pattern=&#8221;without_pattern&#8221;][vc_column width=&#8221;1\/2&#8243;][vc_column_text] Safedoc Scribe [\/vc_column_text][vc_empty_space][vc_column_text]Safedoc Scribe &#8211;\u00a0softver za elektronsko zavo\u0111enje i distribuciju dokumenata sa mogu\u0107no\u0161\u0107u povezivanja sa elektronskom arhivom i Safedoc Archeion-om. Na\u0161a softverska re\u0161enja su prilagodiva Va\u0161im potrebama i lako se integri\u0161u sa ve\u0107 postoje\u0107im re\u0161enjima u&#8230;<\/p>\n","protected":false},"author":2,"featured_media":0,"parent":0,"menu_order":0,"comment_status":"closed","ping_status":"closed","template":"","meta":{"om_disable_all_campaigns":false,"_monsterinsights_skip_tracking":false,"_monsterinsights_sitenote_active":false,"_monsterinsights_sitenote_note":"","_monsterinsights_sitenote_category":0,"_uf_show_specific_survey":0,"_uf_disable_surveys":false,"footnotes":""},"class_list":["post-449","page","type-page","status-publish","hentry"],"aioseo_notices":[],"_links":{"self":[{"href":"https:\/\/safedoc.digital\/index.php\/wp-json\/wp\/v2\/pages\/449","targetHints":{"allow":["GET"]}}],"collection":[{"href":"https:\/\/safedoc.digital\/index.php\/wp-json\/wp\/v2\/pages"}],"about":[{"href":"https:\/\/safedoc.digital\/index.php\/wp-json\/wp\/v2\/types\/page"}],"author":[{"embeddable":true,"href":"https:\/\/safedoc.digital\/index.php\/wp-json\/wp\/v2\/users\/2"}],"replies":[{"embeddable":true,"href":"https:\/\/safedoc.digital\/index.php\/wp-json\/wp\/v2\/comments?post=449"}],"version-history":[{"count":11,"href":"https:\/\/safedoc.digital\/index.php\/wp-json\/wp\/v2\/pages\/449\/revisions"}],"predecessor-version":[{"id":451,"href":"https:\/\/safedoc.digital\/index.php\/wp-json\/wp\/v2\/pages\/449\/revisions\/451"}],"wp:attachment":[{"href":"https:\/\/safedoc.digital\/index.php\/wp-json\/wp\/v2\/media?parent=449"}],"curies":[{"name":"wp","href":"https:\/\/api.w.org\/{rel}","templated":true}]}}