{"id":459,"date":"2018-02-17T18:07:14","date_gmt":"2018-02-17T18:07:14","guid":{"rendered":"https:\/\/safedoc.digital\/?page_id=459"},"modified":"2019-01-03T12:01:08","modified_gmt":"2019-01-03T11:01:08","slug":"o-nama","status":"publish","type":"page","link":"https:\/\/safedoc.digital\/index.php\/o-nama\/","title":{"rendered":"O nama"},"content":{"rendered":"<p>[vc_row css_animation=&#8221;&#8221; row_type=&#8221;row&#8221; use_row_as_full_screen_section=&#8221;no&#8221; type=&#8221;grid&#8221; angled_section=&#8221;no&#8221; text_align=&#8221;left&#8221; background_image_as_pattern=&#8221;without_pattern&#8221;][vc_column width=&#8221;2\/3&#8243;][vc_empty_space][vc_column_text]<\/p>\n<h1>Ko smo mi?<\/h1>\n<p>[\/vc_column_text][vc_column_text css=&#8221;.vc_custom_1518972784232{margin-top: 16px !important;}&#8221;]Privredno dru\u0161tvo je osnovano 2011. godine, u 100% je privatnom vlasni\u0161tvu osniva\u010da, sa namerom da se kvalifikuje na pol\u0458u informacionih tehnologija, razvojem sopstvenih re\u0161enja i proizvoda.[\/vc_column_text][vc_empty_space height=&#8221;18px&#8221;][\/vc_column][vc_column width=&#8221;1\/3&#8243;][vc_empty_space height=&#8221;80px&#8221;][vc_single_image image=&#8221;330&#8243; img_size=&#8221;full&#8221; alignment=&#8221;center&#8221; qode_css_animation=&#8221;&#8221;][\/vc_column][\/vc_row][vc_row css_animation=&#8221;&#8221; row_type=&#8221;row&#8221; use_row_as_full_screen_section=&#8221;no&#8221; type=&#8221;grid&#8221; angled_section=&#8221;no&#8221; text_align=&#8221;left&#8221; background_image_as_pattern=&#8221;without_pattern&#8221;][vc_column][vc_separator type=&#8221;normal&#8221;][vc_empty_space height=&#8221;16px&#8221;][\/vc_column][\/vc_row][vc_row css_animation=&#8221;&#8221; row_type=&#8221;row&#8221; use_row_as_full_screen_section=&#8221;no&#8221; type=&#8221;grid&#8221; angled_section=&#8221;no&#8221; text_align=&#8221;left&#8221; background_image_as_pattern=&#8221;without_pattern&#8221;][vc_column][vc_column_text]U tom cil\u0458u su razvijena i u Zavodu za intelektualnu svojinu registrovana tri softevrska re\u0161enja i to:<\/p>\n<ul>\n<li><strong>Safedoc Archive System<\/strong>: softver za izradu elektronske arhivske knjige i liste kategorija registraturskog materijala<\/li>\n<li><strong>Safedoc Archeion\u00ae<\/strong>: softver za digitalizaciju dokumentacije i formiranje elektronske baza podataka sa mogu\u0107no\u0161\u0107u pretrage i eksporta, a u cil\u0458u u\u0161teda i ubrzanja poslovnih procesa kako privatnih tako i dr\u017eavnih privrednih subjekata i ustanova<\/li>\n<li><strong>Safedoc Scribe<\/strong>: nezavisni softver za elektronsko zavo\u0111enje i distribuciju dokumenata sa mogu\u0107no\u0161\u0107u povezivanja sa elektronskom arhivom<\/li>\n<\/ul>\n<p>[\/vc_column_text][vc_empty_space][vc_row_inner row_type=&#8221;row&#8221; type=&#8221;grid&#8221; text_align=&#8221;center&#8221; css_animation=&#8221;&#8221;][vc_column_inner width=&#8221;1\/3&#8243;]<a  itemprop=\"url\" href=\"http:\/\/safedoc.digital\/index.php\/archeion\/\" target=\"_self\"  class=\"qbutton  large default\" style=\"\">Archeion<\/a>[\/vc_column_inner][vc_column_inner width=&#8221;1\/3&#8243;]<a  itemprop=\"url\" href=\"http:\/\/safedoc.digital\/login.php\" target=\"_blank\"  class=\"qbutton  large center default\" style=\"\">e-View<\/a>[\/vc_column_inner][vc_column_inner width=&#8221;1\/3&#8243;]<a  itemprop=\"url\" href=\"http:\/\/safedoc.digital\/index.php\/scribe\/\" target=\"_self\"  class=\"qbutton  large center default\" style=\"\">Scribe<\/a>[\/vc_column_inner][\/vc_row_inner][vc_empty_space][\/vc_column][\/vc_row][vc_row css_animation=&#8221;&#8221; row_type=&#8221;row&#8221; use_row_as_full_screen_section=&#8221;no&#8221; type=&#8221;grid&#8221; angled_section=&#8221;no&#8221; text_align=&#8221;left&#8221; background_image_as_pattern=&#8221;without_pattern&#8221; css=&#8221;.vc_custom_1518967000799{background-color: #eceef0 !important;}&#8221;][vc_column width=&#8221;1\/2&#8243;][vc_empty_space height=&#8221;64px&#8221;][vc_column_text css=&#8221;.vc_custom_1518973566155{margin-bottom: 10px !important;}&#8221;]<\/p>\n<h4 style=\"text-align: left;\">Pomenuta re\u0161enja su sa uspehom implementirana u:<\/h4>\n<p>[\/vc_column_text][vc_column_text]<\/p>\n<ul>\n<li>Narodna skup\u0161tina Republike Srbije<\/li>\n<li>Vlada Republike Srbije (pilot projekat)<\/li>\n<li>Arhiv srpske pravoslavne Crkve<\/li>\n<li>Kabinet gradona\u010delnika Beograda (pilot projekat)<\/li>\n<li>Aerodrom Nikola Tesla Beograd<\/li>\n<li>JP EPS<\/li>\n<li>RAS \u2013 razvojna agencija Srbije (elektronska pisarnica)<\/li>\n<li>Istorijski Arhiv Beograda<\/li>\n<li>OMV Srbija<\/li>\n<\/ul>\n<p>[\/vc_column_text][vc_empty_space height=&#8221;64px&#8221;][\/vc_column][vc_column width=&#8221;1\/2&#8243;][vc_empty_space height=&#8221;64px&#8221;][vc_column_text css=&#8221;.vc_custom_1518973579466{margin-bottom: 10px !important;}&#8221;]<\/p>\n<h4 style=\"text-align: left;\">Dok su usluge digitalizacije i mikrofilmovanja dokumentacije pru\u017eene slede\u0107im preduze\u0107ima i ustanovama:<\/h4>\n<p>[\/vc_column_text][vc_column_text]<\/p>\n<ul>\n<li>JKP Gradska \u010disto\u0107a, Beograd<\/li>\n<li>JKP Gradsko zelenilo, Beograd<\/li>\n<li>Aerodrom Nikola Tesla<\/li>\n<li>Istorijski arhiv Beograda<\/li>\n<\/ul>\n<p>[\/vc_column_text][vc_empty_space height=&#8221;64px&#8221;][\/vc_column][\/vc_row][vc_row css_animation=&#8221;&#8221; row_type=&#8221;row&#8221; use_row_as_full_screen_section=&#8221;no&#8221; type=&#8221;grid&#8221; angled_section=&#8221;no&#8221; text_align=&#8221;left&#8221; background_image_as_pattern=&#8221;without_pattern&#8221;][vc_column][vc_empty_space][vc_column_text]<\/p>\n<h4 style=\"text-align: center;\">Safedoc trenutno zapo\u0161l\u0458ava dvadeset pet radnika, razli\u010ditih stru\u010dnih profila i nastavl\u0458a sa razvojem i unapre\u0111enjem svojih re\u0161enja.<\/h4>\n<p>[\/vc_column_text][vc_empty_space][\/vc_column][\/vc_row][vc_row css_animation=&#8221;&#8221; row_type=&#8221;row&#8221; use_row_as_full_screen_section=&#8221;no&#8221; type=&#8221;grid&#8221; angled_section=&#8221;no&#8221; text_align=&#8221;left&#8221; background_image_as_pattern=&#8221;without_pattern&#8221;][vc_column width=&#8221;1\/2&#8243;][vc_column_text css=&#8221;.vc_custom_1519375207181{margin-top: 48px !important;}&#8221;]U razvijanju softvera primenjeni alati i tehnologije u potpunosti su pratile savremena re\u0161enja i trendove kao i zakonsku regulativu Republike Srbije. Ponosni smo na saradnju sa NALED \u2013 om u kojoj smo kao predstavnici \u201erealnog sektora\u201c bili pozivani, u par navrata, da damo mi\u0161l\u0458enje i prenesemo iskustva koja imamo \u0161to iz poslovanja u na\u0161oj zeml\u0458i, \u0161to iz saradnje sa stranim partnerima sa kojima radimo i na softverima:<\/p>\n<p>&nbsp;<\/p>\n<ul>\n<li>GPS: softver za upravl\u0458anje poslovnim procesima i pra\u0107enje realizacije bud\u017eeta<\/li>\n<li>SUGOC: softver za upravl\u0458anje i odr\u017eavanje puteva i putne mre\u017ee<\/li>\n<\/ul>\n<p>[\/vc_column_text][\/vc_column][vc_column width=&#8221;1\/2&#8243;][vc_single_image image=&#8221;218&#8243; img_size=&#8221;large&#8221; qode_css_animation=&#8221;&#8221;][\/vc_column][\/vc_row][vc_row css_animation=&#8221;&#8221; row_type=&#8221;row&#8221; use_row_as_full_screen_section=&#8221;no&#8221; type=&#8221;full_width&#8221; angled_section=&#8221;no&#8221; text_align=&#8221;left&#8221; background_image_as_pattern=&#8221;without_pattern&#8221;][vc_column][vc_empty_space][\/vc_column][\/vc_row][vc_row css_animation=&#8221;&#8221; row_type=&#8221;row&#8221; use_row_as_full_screen_section=&#8221;no&#8221; type=&#8221;grid&#8221; angled_section=&#8221;no&#8221; text_align=&#8221;left&#8221; background_image_as_pattern=&#8221;without_pattern&#8221;][vc_column width=&#8221;1\/2&#8243;][vc_single_image image=&#8221;182&#8243; img_size=&#8221;large&#8221; qode_css_animation=&#8221;&#8221;][\/vc_column][vc_column width=&#8221;1\/2&#8243;][vc_column_text css=&#8221;.vc_custom_1519030867656{margin-top: 110px !important;}&#8221;]Ostvarenim rezultatima i kontaktima stvorili smo priliku da budemo u\u010desnici sveruskog IT foruma \u201e<a href=\"https:\/\/itdialog.info\/\">IT dialog<\/a>\u201c koji je odr\u017ean juna 2017. u St. Peterburgu i da ostvarimo kontakte sa tamo\u0161njim kolegama i ustanovama, a posledi\u010dno tome i da predstavimo svoja re\u0161enja.[\/vc_column_text][\/vc_column][\/vc_row][vc_row css_animation=&#8221;&#8221; row_type=&#8221;row&#8221; use_row_as_full_screen_section=&#8221;no&#8221; type=&#8221;full_width&#8221; angled_section=&#8221;no&#8221; text_align=&#8221;left&#8221; background_image_as_pattern=&#8221;without_pattern&#8221;][vc_column][vc_empty_space][\/vc_column][\/vc_row]<\/p>\n","protected":false},"excerpt":{"rendered":"<p>[vc_row css_animation=&#8221;&#8221; row_type=&#8221;row&#8221; use_row_as_full_screen_section=&#8221;no&#8221; type=&#8221;grid&#8221; angled_section=&#8221;no&#8221; text_align=&#8221;left&#8221; background_image_as_pattern=&#8221;without_pattern&#8221;][vc_column width=&#8221;2\/3&#8243;][vc_empty_space][vc_column_text] Ko smo mi? [\/vc_column_text][vc_column_text css=&#8221;.vc_custom_1518972784232{margin-top: 16px !important;}&#8221;]Privredno dru\u0161tvo je osnovano 2011. godine, u 100% je privatnom vlasni\u0161tvu osniva\u010da, sa namerom da se kvalifikuje na pol\u0458u informacionih tehnologija, razvojem sopstvenih re\u0161enja i proizvoda.[\/vc_column_text][vc_empty_space height=&#8221;18px&#8221;][\/vc_column][vc_column width=&#8221;1\/3&#8243;][vc_empty_space height=&#8221;80px&#8221;][vc_single_image image=&#8221;330&#8243;&#8230;<\/p>\n","protected":false},"author":2,"featured_media":0,"parent":0,"menu_order":0,"comment_status":"closed","ping_status":"closed","template":"full_width.php","meta":{"om_disable_all_campaigns":false,"_monsterinsights_skip_tracking":false,"_monsterinsights_sitenote_active":false,"_monsterinsights_sitenote_note":"","_monsterinsights_sitenote_category":0,"_uf_show_specific_survey":0,"_uf_disable_surveys":false,"footnotes":""},"class_list":["post-459","page","type-page","status-publish","hentry"],"aioseo_notices":[],"_links":{"self":[{"href":"https:\/\/safedoc.digital\/index.php\/wp-json\/wp\/v2\/pages\/459","targetHints":{"allow":["GET"]}}],"collection":[{"href":"https:\/\/safedoc.digital\/index.php\/wp-json\/wp\/v2\/pages"}],"about":[{"href":"https:\/\/safedoc.digital\/index.php\/wp-json\/wp\/v2\/types\/page"}],"author":[{"embeddable":true,"href":"https:\/\/safedoc.digital\/index.php\/wp-json\/wp\/v2\/users\/2"}],"replies":[{"embeddable":true,"href":"https:\/\/safedoc.digital\/index.php\/wp-json\/wp\/v2\/comments?post=459"}],"version-history":[{"count":34,"href":"https:\/\/safedoc.digital\/index.php\/wp-json\/wp\/v2\/pages\/459\/revisions"}],"predecessor-version":[{"id":470,"href":"https:\/\/safedoc.digital\/index.php\/wp-json\/wp\/v2\/pages\/459\/revisions\/470"}],"wp:attachment":[{"href":"https:\/\/safedoc.digital\/index.php\/wp-json\/wp\/v2\/media?parent=459"}],"curies":[{"name":"wp","href":"https:\/\/api.w.org\/{rel}","templated":true}]}}