{"id":56,"date":"2017-10-18T12:05:25","date_gmt":"2017-10-18T12:05:25","guid":{"rendered":"https:\/\/safedoc.digital\/?page_id=56"},"modified":"2018-03-01T15:06:58","modified_gmt":"2018-03-01T14:06:58","slug":"archeion","status":"publish","type":"page","link":"https:\/\/safedoc.digital\/index.php\/archeion\/","title":{"rendered":"Archeion"},"content":{"rendered":"<p>[vc_row css_animation=&#8221;&#8221; row_type=&#8221;row&#8221; use_row_as_full_screen_section=&#8221;no&#8221; type=&#8221;full_width&#8221; angled_section=&#8221;no&#8221; text_align=&#8221;left&#8221; background_image_as_pattern=&#8221;without_pattern&#8221;][vc_column width=&#8221;1\/2&#8243;][vc_row_inner row_type=&#8221;row&#8221; type=&#8221;full_width&#8221; text_align=&#8221;left&#8221; css_animation=&#8221;&#8221;][vc_column_inner][vc_column_text]<\/p>\n<h1>Safedoc Archeion<\/h1>\n<p>[\/vc_column_text][vc_empty_space height=&#8221;10px&#8221;][\/vc_column_inner][\/vc_row_inner][vc_column_text]Safedoc Archeion je arhivski sistem za uspostavljanje Digitalne Liste Dokumentovanog materijala i arhivsko upravljanje dokumentima. Korisnicima pru\u017ea mogu\u0107nost vo\u0111enja arhivskog poslovanja na zakonom propisan na\u010din. Administratorima sistema omogu\u0107ava jednostavno pode\u0161avanje, kreiranje i definisanje nivoa pristupa. Arhivarima i krajnjim korisnicima omogu\u0107ava jednostavno kori\u0161\u0107enje kroz brzu obuku. Pozivamo vas da olak\u0161ate svakodnevnicu sebi i svojim zaposlenima, da unapredite poslovanje i da finansijska sredstva koja na ovaj na\u010din u\u0161tedite usmerite na ne\u0161to korisnije. Pozivamo vas da na\u010dinite korak u pravom smeru i napravite promenu! Upoznajte svet lako\u0107e i jednostavnosti, na najprefinjeniji na\u010din. Uz to, mogu\u0107nost gubljenja va\u017enih informacija je svedena na minimum, jer se sva dokumenta \u010duvaju na originalnim i iskopiranim medijima, a dostupni su vam i onlajn. Mo\u017eete da dodelite adekvatne lozinke i nivoe pristupa, kao i da isklju\u010divo Vi imate pravo pristupa e-arhivi. Izbor je va\u0161!<\/p>\n<p>Safedoc Archeion se lako integri\u0161e sa Va\u0161im informacionim sistemom, razvijen je kako za MS SQL i ORACLE tako i za druge baze podataka kao \u0161to su PostgreSQL, MySQL&#8230;[\/vc_column_text][\/vc_column][vc_column width=&#8221;1\/2&#8243;][vc_empty_space height=&#8221;20px&#8221;][vc_row_inner row_type=&#8221;row&#8221; type=&#8221;full_width&#8221; text_align=&#8221;left&#8221; css_animation=&#8221;&#8221;][vc_column_inner][vc_gallery type=&#8221;image_grid&#8221; images=&#8221;59,60,61,62,63,64,65,66&#8243; img_size=&#8221;&#8221; css_animation=&#8221;none&#8221; column_number=&#8221;4&#8243; grayscale=&#8221;yes&#8221; images_space=&#8221;gallery_with_space&#8221;][\/vc_column_inner][\/vc_row_inner][\/vc_column][\/vc_row][vc_row css_animation=&#8221;&#8221; row_type=&#8221;row&#8221; use_row_as_full_screen_section=&#8221;no&#8221; type=&#8221;full_width&#8221; angled_section=&#8221;no&#8221; text_align=&#8221;left&#8221; background_image_as_pattern=&#8221;without_pattern&#8221;][vc_column][vc_empty_space][\/vc_column][\/vc_row][vc_row row_type=&#8221;parallax&#8221; parallax_content_width=&#8221;full_width&#8221; text_align=&#8221;left&#8221; full_screen_section_height=&#8221;no&#8221; css=&#8221;.vc_custom_1508331642516{background-color: #ffffff !important;}&#8221;][vc_column][vc_row_inner row_type=&#8221;row&#8221; type=&#8221;full_width&#8221; text_align=&#8221;left&#8221; css_animation=&#8221;&#8221;][vc_column_inner][vc_column_text]<\/p>\n<h1 style=\"text-align: left;\">Prednosti implementacije i upotreba<br \/>\nSafedoc Archeion sistema<\/h1>\n<p>[\/vc_column_text][vc_empty_space height=&#8221;10px&#8221;][\/vc_column_inner][\/vc_row_inner][vc_column_text]<\/p>\n<ul>\n<li>Mogu\u0107nost gubljenja va\u017enih dokumenata je svedena na minimum<\/li>\n<li>Sva dokumenta se \u010duvaju na originalnim i iskopiranim medijima<\/li>\n<li>Dokumentacija je dostupna i on-line<\/li>\n<li>Mo\u017eete da dodelite adekvatne lozinke i nivoe pristupa, kao i da isklju\u010divo Vi imate pravo pristupa e-arhivi<\/li>\n<li>U\u0161teda prostora \u2013 mikroforme zauzimaju do 95% manjeprostora<\/li>\n<li>Verovatno\u0107a da se mikrofilm izgubi, ukrade, o\u0161teti ili uni\u0161ti je prakti\u010dno nepostoje\u0107a<\/li>\n<li>Elektronska arhiva je uz pomo\u0107 SDAS na klik mi\u0161a udaljena od Vas, a mikrofilmovana arhiva je indeksirana i laka za pretragu<\/li>\n<li>Jasno\u0107a slova i slika ostaje ista i do 500 godina, za razliku od papira koji jasno\u0107u gubi ve\u0107 nakon nekoliko meseci<\/li>\n<li>Mikrofilmovanom dokumentu ima pristup isklju\u010divo osoba koja je za to odre\u0111ena pa je poverljivost dokumenata zagarantovana<\/li>\n<li>Mikrofilm je zakonski validan dokument pred sudom<\/li>\n<li>Unapredi\u0107ete i pobolj\u0161ati uslugu i administraciju<\/li>\n<\/ul>\n<p>[\/vc_column_text][vc_row_inner row_type=&#8221;row&#8221; type=&#8221;full_width&#8221; text_align=&#8221;left&#8221; css_animation=&#8221;&#8221;][vc_column_inner][vc_empty_space][\/vc_column_inner][\/vc_row_inner][\/vc_column][\/vc_row][vc_row css_animation=&#8221;&#8221; row_type=&#8221;row&#8221; use_row_as_full_screen_section=&#8221;no&#8221; type=&#8221;full_width&#8221; angled_section=&#8221;no&#8221; text_align=&#8221;left&#8221; background_image_as_pattern=&#8221;without_pattern&#8221;][vc_column][vc_row_inner row_type=&#8221;row&#8221; type=&#8221;full_width&#8221; text_align=&#8221;left&#8221; css_animation=&#8221;&#8221;][vc_column_inner][vc_column_text]<\/p>\n<h1>Kao i konkretne u\u0161tede<\/h1>\n<p>[\/vc_column_text][vc_empty_space height=&#8221;10px&#8221;][\/vc_column_inner][\/vc_row_inner][vc_column_text]<\/p>\n<ul>\n<li>Smanjenje izdataka za magacinske i poslovne prostore<\/li>\n<li>Smanjenje broja zaposlenih koji dokumentaciju tretiraju pre uvo\u0111enja sistema<\/li>\n<li>Smanjenje tro\u0161kova transporta<\/li>\n<li>Smanjenje izdataka za odr\u017eavanje \u0161tamparske opreme, fotokopira i \u0161tampa\u010da<\/li>\n<li>Drasti\u010dno smanjenje vremena potrebnog za pretragu dokumenata \u2013 Brz pristup informacijama<\/li>\n<li>Pove\u0107ana upravljivost u preduze\u0107u<\/li>\n<li>Smanjenje eventualnih \u0161teta nastalih usled nepotpune dokumentacije kod sudskih procesa<\/li>\n<li>Visoka ekolo\u0161ka efikasnost i odgovornost<\/li>\n<\/ul>\n<p>[\/vc_column_text][vc_empty_space][\/vc_column][\/vc_row]<\/p>\n","protected":false},"excerpt":{"rendered":"<p>[vc_row css_animation=&#8221;&#8221; row_type=&#8221;row&#8221; use_row_as_full_screen_section=&#8221;no&#8221; type=&#8221;full_width&#8221; angled_section=&#8221;no&#8221; text_align=&#8221;left&#8221; background_image_as_pattern=&#8221;without_pattern&#8221;][vc_column width=&#8221;1\/2&#8243;][vc_row_inner row_type=&#8221;row&#8221; type=&#8221;full_width&#8221; text_align=&#8221;left&#8221; css_animation=&#8221;&#8221;][vc_column_inner][vc_column_text] Safedoc Archeion [\/vc_column_text][vc_empty_space height=&#8221;10px&#8221;][\/vc_column_inner][\/vc_row_inner][vc_column_text]Safedoc Archeion je arhivski sistem za uspostavljanje Digitalne Liste Dokumentovanog materijala i arhivsko upravljanje dokumentima. Korisnicima pru\u017ea mogu\u0107nost vo\u0111enja arhivskog poslovanja na zakonom propisan na\u010din. Administratorima sistema omogu\u0107ava jednostavno&#8230;<\/p>\n","protected":false},"author":2,"featured_media":0,"parent":0,"menu_order":0,"comment_status":"closed","ping_status":"closed","template":"","meta":{"om_disable_all_campaigns":false,"_monsterinsights_skip_tracking":false,"_monsterinsights_sitenote_active":false,"_monsterinsights_sitenote_note":"","_monsterinsights_sitenote_category":0,"_uf_show_specific_survey":0,"_uf_disable_surveys":false,"footnotes":""},"class_list":["post-56","page","type-page","status-publish","hentry"],"aioseo_notices":[],"_links":{"self":[{"href":"https:\/\/safedoc.digital\/index.php\/wp-json\/wp\/v2\/pages\/56","targetHints":{"allow":["GET"]}}],"collection":[{"href":"https:\/\/safedoc.digital\/index.php\/wp-json\/wp\/v2\/pages"}],"about":[{"href":"https:\/\/safedoc.digital\/index.php\/wp-json\/wp\/v2\/types\/page"}],"author":[{"embeddable":true,"href":"https:\/\/safedoc.digital\/index.php\/wp-json\/wp\/v2\/users\/2"}],"replies":[{"embeddable":true,"href":"https:\/\/safedoc.digital\/index.php\/wp-json\/wp\/v2\/comments?post=56"}],"version-history":[{"count":11,"href":"https:\/\/safedoc.digital\/index.php\/wp-json\/wp\/v2\/pages\/56\/revisions"}],"predecessor-version":[{"id":657,"href":"https:\/\/safedoc.digital\/index.php\/wp-json\/wp\/v2\/pages\/56\/revisions\/657"}],"wp:attachment":[{"href":"https:\/\/safedoc.digital\/index.php\/wp-json\/wp\/v2\/media?parent=56"}],"curies":[{"name":"wp","href":"https:\/\/api.w.org\/{rel}","templated":true}]}}