{"id":643,"date":"2019-11-14T11:23:25","date_gmt":"2019-11-14T10:23:25","guid":{"rendered":"https:\/\/safedoc.digital\/?page_id=643"},"modified":"2019-11-14T11:23:25","modified_gmt":"2019-11-14T10:23:25","slug":"erp","status":"publish","type":"page","link":"https:\/\/safedoc.digital\/index.php\/erp\/","title":{"rendered":"ERP"},"content":{"rendered":"<p>[vc_row css_animation=&#8221;&#8221; row_type=&#8221;row&#8221; use_row_as_full_screen_section=&#8221;no&#8221; type=&#8221;full_width&#8221; angled_section=&#8221;no&#8221; text_align=&#8221;left&#8221; background_image_as_pattern=&#8221;without_pattern&#8221;][vc_column width=&#8221;1\/2&#8243;][vc_column_text]<\/p>\n<h1>Safedoc ERP<\/h1>\n<p>[\/vc_column_text][vc_empty_space][vc_column_text]<\/p>\n<div>ERP (Enterprise Resource Planning) &#8211; predstavlja planiranje poslovnih resursa u Va\u0161em preduze\u0107u. U sprovo\u0111enju procesa planiranja pomo\u0107i \u0107e Vam SAFEDOC ERP softverski paket.<\/div>\n<div>SAFEDOC ERP softverski paket namenjen je korporacijama i ve\u0107im preduze\u0107ima, a prilago\u0111en kako javnom tako i privatnom sektoru.<\/div>\n<div>Safedoc pru\u017ea konsultantske usluge prilikom izbora paketa i modula ERP softvera.<\/div>\n<div>\n<p>&nbsp;<\/p>\n<div>Moduli SAFEDOC ERP su:<\/div>\n<p>&nbsp;<\/p>\n<\/div>\n<p>[\/vc_column_text]<div class='q_list circle'><\/p>\n<ul>\n<li>CRM<\/li>\n<li>Supply Chain management<\/li>\n<li>Elektronsko poslovanje<\/li>\n<li>Komercijala<\/li>\n<li>Upravljanje finansijama<\/li>\n<\/ul>\n<p><\/div>[vc_column_text]<\/p>\n<div>\n<div>i drugi. Kao i svi na\u0161i proizvodi i ovaj je prilagodljiv klijentu i njegovim potrebama.<\/div>\n<\/div>\n<p>[\/vc_column_text][\/vc_column][vc_column width=&#8221;1\/2&#8243;][\/vc_column][\/vc_row][vc_row css_animation=&#8221;&#8221; row_type=&#8221;row&#8221; use_row_as_full_screen_section=&#8221;no&#8221; type=&#8221;full_width&#8221; angled_section=&#8221;no&#8221; text_align=&#8221;left&#8221; background_image_as_pattern=&#8221;without_pattern&#8221;][vc_column][vc_empty_space][vc_empty_space][\/vc_column][\/vc_row]<\/p>\n","protected":false},"excerpt":{"rendered":"<p>[vc_row css_animation=&#8221;&#8221; row_type=&#8221;row&#8221; use_row_as_full_screen_section=&#8221;no&#8221; type=&#8221;full_width&#8221; angled_section=&#8221;no&#8221; text_align=&#8221;left&#8221; background_image_as_pattern=&#8221;without_pattern&#8221;][vc_column width=&#8221;1\/2&#8243;][vc_column_text] Safedoc ERP [\/vc_column_text][vc_empty_space][vc_column_text] ERP (Enterprise Resource Planning) &#8211; predstavlja planiranje poslovnih resursa u Va\u0161em preduze\u0107u. U sprovo\u0111enju procesa planiranja pomo\u0107i \u0107e Vam SAFEDOC ERP softverski paket. SAFEDOC ERP softverski paket namenjen je korporacijama i ve\u0107im preduze\u0107ima,&#8230;<\/p>\n","protected":false},"author":2,"featured_media":0,"parent":0,"menu_order":0,"comment_status":"closed","ping_status":"closed","template":"","meta":{"om_disable_all_campaigns":false,"_monsterinsights_skip_tracking":false,"_monsterinsights_sitenote_active":false,"_monsterinsights_sitenote_note":"","_monsterinsights_sitenote_category":0,"_uf_show_specific_survey":0,"_uf_disable_surveys":false,"footnotes":""},"class_list":["post-643","page","type-page","status-publish","hentry"],"aioseo_notices":[],"_links":{"self":[{"href":"https:\/\/safedoc.digital\/index.php\/wp-json\/wp\/v2\/pages\/643","targetHints":{"allow":["GET"]}}],"collection":[{"href":"https:\/\/safedoc.digital\/index.php\/wp-json\/wp\/v2\/pages"}],"about":[{"href":"https:\/\/safedoc.digital\/index.php\/wp-json\/wp\/v2\/types\/page"}],"author":[{"embeddable":true,"href":"https:\/\/safedoc.digital\/index.php\/wp-json\/wp\/v2\/users\/2"}],"replies":[{"embeddable":true,"href":"https:\/\/safedoc.digital\/index.php\/wp-json\/wp\/v2\/comments?post=643"}],"version-history":[{"count":5,"href":"https:\/\/safedoc.digital\/index.php\/wp-json\/wp\/v2\/pages\/643\/revisions"}],"predecessor-version":[{"id":648,"href":"https:\/\/safedoc.digital\/index.php\/wp-json\/wp\/v2\/pages\/643\/revisions\/648"}],"wp:attachment":[{"href":"https:\/\/safedoc.digital\/index.php\/wp-json\/wp\/v2\/media?parent=643"}],"curies":[{"name":"wp","href":"https:\/\/api.w.org\/{rel}","templated":true}]}}